{"id":219,"date":"2013-11-20T09:47:39","date_gmt":"2013-11-20T08:47:39","guid":{"rendered":"http:\/\/fundem.org\/wp?page_id=219"},"modified":"2020-11-25T12:25:27","modified_gmt":"2020-11-25T11:25:27","slug":"la-vall-de-laguar","status":"publish","type":"page","link":"https:\/\/fundem.org\/wp\/la-vall-de-laguar\/","title":{"rendered":"La Vall de Laguar"},"content":{"rendered":"<p class=\"justy\" style=\"text-align: justify;\"><span style=\"color: #333333;\">Situada a una media de 500 metros de altitud, se eleva majestuosa entre dos sierras que conforman este lindo y hermoso valle -\u00faltimo reducto de la sublevaci\u00f3n de los moriscos valencianos en 1609 contra su decreto de expulsi\u00f3n-. A un lado, el \u00abBarranc de L&#8217;Infern\u00bb, maravilla natural, formada por el r\u00edo Girona, que separa la Sierra de la Carrasca o d&#8217;Ebo (de 1000 m. de altitud) de la Sierra del Migdia y atraviesa todo el valle hasta llegar al embalse d&#8217;Isbert. Al otro lado, como un aut\u00e9ntico caballo dormido, la Sierra del Cavall Verd o Sierra del Peny\u00f3 (de 800 m. de altitud) que descansa entre el suave canto de los p\u00e1jaros y el rumor de multitud de fuentes y manantiales naturales de aguas puras y cristalinas<\/span><\/p>\n<p class=\"justy\" style=\"text-align: justify;\"><span style=\"color: #333333;\">Pintoresco valle en el que los visitantes quedan maravillados cuando en sus paseos se detienen para divisar a lo lejos, en los d\u00edas m\u00e1s claros, la Isla de Ibiza. Existen parajes de gran belleza, paisajes m\u00e1gicos, reductos de paz y tranquilidad, donde la naturaleza se muestra extremadamente generosa, conservando una vegetaci\u00f3n tupida y abundante.<\/span><\/p>\n<div id=\"contenedor\">\n<div class=\"contenido\">\n<div class=\"contenido-1\">\n<h1><span style=\"color: #333333;\">Descripci\u00f3n<\/span><\/h1>\n<p style=\"text-align: justify;\"><span style=\"color: #333333;\">La Vall de Laguar es uno de los paradis\u00edacos lugares enclavados al centro oeste de la Marina Alta y al norte de la provincia de Alicante, ocupando una superficie de 23,26 Km2. Est\u00e1 formada por los n\u00facleos de Benimaurell (<em>Pueblo Alto<\/em>), Campell (<em>Pueblo Bajo)<\/em>, Fleix (<em>Pueblo de Enmedio<\/em>, donde se sit\u00faa el ayuntamiento) y, a la entrada del valle, y formando parte de este conjunto, encontramos una colonia residencial, o sanatorio en Fontilles. Posee un clima t\u00edpicamente mediterr\u00e1neo, recibiendo a sus visitantes con la calidez propia de una media anual de 20\u00baC, con inviernos suaves y veranos calurosos, haci\u00e9ndose sentir, sobre todo, la brisa de la monta\u00f1a por las noches.<\/span><\/p>\n<p><span style=\"color: #333333;\"> En estas tierras y parajes los visitantes pueden encontrar numerosas fuentes y manantiales naturales con las que saciar su sed, entre ellas cabe destacar: Font del Camusot, Font dels Olbis, Font del Gel, Font d&#8217;Isber, Font del Peny\u00f3, Font del Rein\u00f3s (en el sendero PRV-147), Font de Fontillles, que nace en el Sanatorio San Francisco de Borja, y muchas m\u00e1s&#8230;<\/span><\/p>\n<p style=\"text-align: justify;\"><span style=\"color: #333333;\">Las Jubeas son un tipo de h\u00e1bitat rural disperso localizado en este municipio, asentadas en el extremo Noreste del r\u00edo Girona. El top\u00f3nimo de las Jubeas hace referencia a antiguas casetas de campo que hist\u00f3ricamente fueron utilizadas como hogar en tiempos de recolecta, actualmente algunas est\u00e1n en ruinas y otras reconstruidas. Los pobladores del valle distinguieron entre las Jubeas de arriba y las Jubeas de medio, espacios de gran belleza cuyo relieve abancalado nos relata la estrecha relaci\u00f3n que hubo entre el hombre y el entorno. Los bancales, hoy en d\u00eda sin actividad agr\u00edcola en su mayor\u00eda, son un elemento fundamental en la conservaci\u00f3n del patrimonio natural, ya que act\u00faan contra la erosi\u00f3n del suelo. Esta erosi\u00f3n del suelo es uno de los principales factores causantes de la desertizaci\u00f3n, por lo que este paisaje nos recuerda que las actividades humanas pueden ayudar a conservar e incluso mejorar el entono.<\/span><\/p>\n<p style=\"text-align: center;\">\n\t\t<!-- MasterSlider -->\n\t\t<div id=\"P_MS69de2c110e7f4\" class=\"master-slider-parent ms-parent-id-15\"  >\n\n\t\t\t\n\t\t\t<!-- MasterSlider Main -->\n\t\t\t<div id=\"MS69de2c110e7f4\" class=\"master-slider ms-skin-default\" >\n\t\t\t\t \t\t\t\t \n\n\t\t\t<div  class=\"ms-slide\" data-delay=\"3\" data-fill-mode=\"fill\"   >\n\t\t\t\t\t<img decoding=\"async\" src=\"https:\/\/fundem.org\/wp\/wp-content\/plugins\/masterslider\/public\/assets\/css\/blank.gif\" alt=\"\" title=\"PRO_5228 (2020-06-01T12_32_45.552)\" data-src=\"https:\/\/fundem.org\/wp\/wp-content\/uploads\/2020\/11\/CIMG0650.jpg\" \/>\n\n\n\t\t\t\t<\/div>\n\t\t\t<div  class=\"ms-slide\" data-delay=\"3\" data-fill-mode=\"fill\"   >\n\t\t\t\t\t<img decoding=\"async\" src=\"https:\/\/fundem.org\/wp\/wp-content\/plugins\/masterslider\/public\/assets\/css\/blank.gif\" alt=\"\" title=\"PRO_5210 (2020-06-01T12_31_59.335)\" data-src=\"https:\/\/fundem.org\/wp\/wp-content\/uploads\/2020\/11\/IMG_0383-scaled.jpg\" \/>\n\n\n\t\t\t\t<\/div>\n\t\t\t<div  class=\"ms-slide\" data-delay=\"3\" data-fill-mode=\"fill\"   >\n\t\t\t\t\t<img decoding=\"async\" src=\"https:\/\/fundem.org\/wp\/wp-content\/plugins\/masterslider\/public\/assets\/css\/blank.gif\" alt=\"\" title=\"PRO_5265 (2020-06-01T12_34_39.649)\" data-src=\"https:\/\/fundem.org\/wp\/wp-content\/uploads\/2020\/11\/IMG_3582.jpg\" \/>\n\n\n\t\t\t\t<\/div>\n\n\t\t\t<\/div>\n\t\t\t<!-- END MasterSlider Main -->\n\n\t\t\t \n\t\t<\/div>\n\t\t<!-- END MasterSlider -->\n\n\t\t<script>\n\t\t( window.MSReady = window.MSReady || [] ).push( function( $ ) {\n\n\t\t\t\"use strict\";\n\t\t\tvar masterslider_e7f4 = new MasterSlider();\n\n\t\t\t\/\/ slider controls\n\t\t\tmasterslider_e7f4.control('arrows'     ,{ autohide:true, overVideo:true  });\n\t\t\tmasterslider_e7f4.control('bullets'    ,{ autohide:false, overVideo:true, dir:'h', align:'bottom', space:6 , margin:25  });\n\t\t\t\/\/ slider setup\n\t\t\tmasterslider_e7f4.setup(\"MS69de2c110e7f4\", {\n\t\t\t\twidth           : 1140,\n\t\t\t\theight          : 500,\n\t\t\t\tminHeight       : 0,\n\t\t\t\tspace           : 0,\n\t\t\t\tstart           : 1,\n\t\t\t\tgrabCursor      : false,\n\t\t\t\tswipe           : true,\n\t\t\t\tmouse           : false,\n\t\t\t\tkeyboard        : true,\n\t\t\t\tlayout          : \"fillwidth\",\n\t\t\t\twheel           : false,\n\t\t\t\tautoplay        : true,\n                instantStartLayers:false,\n\t\t\t\tmobileBGVideo:false,\n\t\t\t\tloop            : true,\n\t\t\t\tshuffle         : false,\n\t\t\t\tpreload         : 0,\n\t\t\t\theightLimit     : true,\n\t\t\t\tautoHeight      : false,\n\t\t\t\tsmoothHeight    : true,\n\t\t\t\tendPause        : false,\n\t\t\t\toverPause       : true,\n\t\t\t\tfillMode        : \"fill\",\n\t\t\t\tcenterControls  : true,\n\t\t\t\tstartOnAppear   : false,\n\t\t\t\tlayersMode      : \"center\",\n\t\t\t\tautofillTarget  : \"\",\n\t\t\t\thideLayers      : false,\n\t\t\t\tfullscreenMargin: 0,\n\t\t\t\tspeed           : 20,\n\t\t\t\tdir             : \"h\",\n\t\t\t\tparallaxMode    : 'swipe',\n\t\t\t\tview            : \"basic\"\n\t\t\t});\n\n\t\t\t\n\t\t\twindow.masterslider_instances = window.masterslider_instances || [];\n\t\t\twindow.masterslider_instances.push( masterslider_e7f4 );\n\t\t});\n\t\t<\/script>\n\n<\/p>\n<\/div>\n<div class=\"contenido-4\" style=\"width: 97.2%;\">\n<h1><span style=\"color: #333333;\">Datos catastrales:<\/span><\/h1>\n<table style=\"background: #FFF;\" border=\"1\" cellpadding=\"7\">\n<tbody>\n<tr class=\"tablahead\">\n<td class=\"tabla\" style=\"width: 19%;\"><span style=\"font-size: small;\"><strong>Partida:<\/strong><\/span><\/td>\n<td class=\"tabla\" style=\"width: 13%;\"><span style=\"font-size: small;\"><strong>F. Escritura:<\/strong><\/span><\/td>\n<td class=\"tabla\" style=\"width: 10%; text-align: center;\"><span style=\"font-size: small;\"><strong>Valor \u20ac<\/strong><\/span><\/td>\n<td class=\"tabla\" style=\"width: 10%; text-align: center;\"><span style=\"font-size: small;\"><strong>Superficie<\/strong><\/span><\/td>\n<td class=\"tabla\" style=\"width: 5%;\"><span style=\"font-size: small;\"><strong>Pol:<\/strong><\/span><\/td>\n<td class=\"tabla\" style=\"width: 10%;\"><span style=\"font-size: small;\"><strong>Parcela:<\/strong><\/span><\/td>\n<td class=\"tabla\" style=\"width: 18%;\"><span style=\"font-size: small;\"><strong>Referencia Catastral<\/strong><\/span><\/td>\n<\/tr>\n<tr class=\"tabla\">\n<td class=\"tabla\"><span style=\"font-size: small;\">Jubeas de medio<\/span><\/td>\n<td class=\"tabla\" style=\"text-align: center;\"><span style=\"font-size: small;\">31\/07\/2013<\/span><\/td>\n<td class=\"tabla\" style=\"text-align: center;\" rowspan=\"9\">30.000 \u20ac<\/td>\n<td class=\"tabla\" style=\"text-align: right;\">3.398 m2<\/td>\n<td class=\"tabla\" style=\"text-align: center;\"><span style=\"font-size: small;\">1<\/span><\/td>\n<td class=\"tabla\" style=\"text-align: center;\"><span style=\"font-size: small;\">307<\/span><\/td>\n<td class=\"tabla\" style=\"text-align: center;\"><span style=\"font-size: small;\">03137A001003070000WZ<\/span><\/td>\n<\/tr>\n<tr class=\"tabla\">\n<td class=\"tabla\"><span style=\"font-size: small;\">Jubeas de medio<\/span><\/td>\n<td class=\"tabla\" style=\"text-align: center;\"><span style=\"font-size: small;\">31\/07\/2013<\/span><\/td>\n<td class=\"tabla\" style=\"text-align: right;\">44 m2<\/td>\n<td class=\"tabla\" style=\"text-align: center;\"><span style=\"font-size: small;\">1<\/span><\/td>\n<td class=\"tabla\" style=\"text-align: center;\"><span style=\"font-size: small;\">172<\/span><\/td>\n<td class=\"tabla\" style=\"text-align: center;\"><span style=\"font-size: small;\">03137A001001720000WK<\/span><\/td>\n<\/tr>\n<tr class=\"tabla\">\n<td class=\"tabla\"><span style=\"font-size: small;\">Jubeas de medio<\/span><\/td>\n<td class=\"tabla\" style=\"text-align: center;\"><span style=\"font-size: small;\">31\/07\/2013<\/span><\/td>\n<td class=\"tabla\" style=\"text-align: right;\">15.854 m2<\/td>\n<td class=\"tabla\" style=\"text-align: center;\"><span style=\"font-size: small;\">1<\/span><\/td>\n<td class=\"tabla\" style=\"text-align: center;\"><span style=\"font-size: small;\">174<\/span><\/td>\n<td class=\"tabla\" style=\"text-align: center;\"><span style=\"font-size: small;\">03137A001001740000WD<\/span><\/td>\n<\/tr>\n<tr class=\"tabla\">\n<td class=\"tabla\"><span style=\"font-size: small;\">Jubeas de medio<\/span><\/td>\n<td class=\"tabla\" style=\"text-align: center;\"><span style=\"font-size: small;\">31\/07\/2013<\/span><\/td>\n<td class=\"tabla\" style=\"text-align: right;\">15.470 m2<\/td>\n<td class=\"tabla\" style=\"text-align: center;\"><span style=\"font-size: small;\">1<\/span><\/td>\n<td class=\"tabla\" style=\"text-align: center;\"><span style=\"font-size: small;\">177<\/span><\/td>\n<td class=\"tabla\" style=\"text-align: center;\"><span style=\"font-size: small;\">03137A001001770000WJ<\/span><\/td>\n<\/tr>\n<tr class=\"tabla\">\n<td class=\"tabla\"><span style=\"font-size: small;\">Jubeas de medio<\/span><\/td>\n<td class=\"tabla\" style=\"text-align: center;\"><span style=\"font-size: small;\">31\/07\/2013<\/span><\/td>\n<td class=\"tabla\" style=\"text-align: right;\">89 m2<\/td>\n<td class=\"tabla\" style=\"text-align: center;\"><span style=\"font-size: small;\">1<\/span><\/td>\n<td class=\"tabla\" style=\"text-align: center;\"><span style=\"font-size: small;\">292<\/span><\/td>\n<td class=\"tabla\" style=\"text-align: center;\"><span style=\"font-size: small;\">03137A001002920000WP<\/span><\/td>\n<\/tr>\n<tr class=\"tabla\">\n<td class=\"tabla\"><span style=\"font-size: small;\">Jubeas de medio<\/span><\/td>\n<td class=\"tabla\" style=\"text-align: center;\"><span style=\"font-size: small;\">31\/07\/2013<\/span><\/td>\n<td class=\"tabla\" style=\"text-align: right;\">23 m2<\/td>\n<td class=\"tabla\" style=\"text-align: center;\"><span style=\"font-size: small;\">1<\/span><\/td>\n<td class=\"tabla\" style=\"text-align: center;\"><span style=\"font-size: small;\">293<\/span><\/td>\n<td class=\"tabla\" style=\"text-align: center;\"><span style=\"font-size: small;\">03137A001002930000WL<\/span><\/td>\n<\/tr>\n<tr class=\"tabla\">\n<td class=\"tabla\"><span style=\"font-size: small;\">Jubeas de medio<\/span><\/td>\n<td class=\"tabla\" style=\"text-align: center;\"><span style=\"font-size: small;\">31\/07\/2013<\/span><\/td>\n<td class=\"tabla\" style=\"text-align: right;\">783 m2<\/td>\n<td class=\"tabla\" style=\"text-align: center;\"><span style=\"font-size: small;\">1<\/span><\/td>\n<td class=\"tabla\" style=\"text-align: center;\"><span style=\"font-size: small;\">297<\/span><\/td>\n<td class=\"tabla\" style=\"text-align: center;\"><span style=\"font-size: small;\">03137A001002970000WO<\/span><\/td>\n<\/tr>\n<tr class=\"tabla\">\n<td class=\"tabla\"><span style=\"font-size: small;\">Jubeas de medio<\/span><\/td>\n<td class=\"tabla\" style=\"text-align: center;\"><span style=\"font-size: small;\">31\/07\/2013<\/span><\/td>\n<td class=\"tabla\" style=\"text-align: right;\">26.370 m2<\/td>\n<td class=\"tabla\" style=\"text-align: center;\"><span style=\"font-size: small;\">1<\/span><\/td>\n<td class=\"tabla\" style=\"text-align: center;\"><span style=\"font-size: small;\">184<\/span><\/td>\n<td class=\"tabla\" style=\"text-align: center;\"><span style=\"font-size: small;\">03137A001001840000WU<\/span><\/td>\n<\/tr>\n<tr class=\"tabla\">\n<td class=\"tabla\"><span style=\"font-size: small;\">Jubeas de medio<\/span><\/td>\n<td class=\"tabla\" style=\"text-align: center;\"><span style=\"font-size: small;\">31\/07\/2013<\/span><\/td>\n<td class=\"tabla\" style=\"text-align: right;\">4.249 m2<\/td>\n<td class=\"tabla\" style=\"text-align: center;\"><span style=\"font-size: small;\">1<\/span><\/td>\n<td class=\"tabla\" style=\"text-align: center;\"><span style=\"font-size: small;\">302<\/span><\/td>\n<td class=\"tabla\" style=\"text-align: center;\"><span style=\"font-size: small;\">03137A001003020000WX<\/span><\/td>\n<\/tr>\n<\/tbody>\n<\/table>\n<\/div>\n<\/div>\n<h1><span style=\"color: #333333;\">Ubicaci\u00f3n:<\/span><\/h1>\n<table style=\"width: 100%;\" border=\"0\" align=\"center\">\n<tbody>\n<tr>\n<td>[widgetkit id=66]<\/td>\n<\/tr>\n<\/tbody>\n<\/table>\n<\/div>\n","protected":false},"excerpt":{"rendered":"<p>Situada a una media de 500 metros de altitud, se eleva majestuosa entre dos sierras que conforman este lindo y hermoso valle -\u00faltimo reducto de la sublevaci\u00f3n de los moriscos&#8230; <\/p>\n<div class=\"clear\"><\/div>\n<p><a href=\"https:\/\/fundem.org\/wp\/la-vall-de-laguar\/\" class=\"excerpt-read-more\">Read More<\/a><\/p>\n","protected":false},"author":1,"featured_media":0,"parent":0,"menu_order":27,"comment_status":"closed","ping_status":"closed","template":"","meta":{"footnotes":""},"_links":{"self":[{"href":"https:\/\/fundem.org\/wp\/wp-json\/wp\/v2\/pages\/219"}],"collection":[{"href":"https:\/\/fundem.org\/wp\/wp-json\/wp\/v2\/pages"}],"about":[{"href":"https:\/\/fundem.org\/wp\/wp-json\/wp\/v2\/types\/page"}],"author":[{"embeddable":true,"href":"https:\/\/fundem.org\/wp\/wp-json\/wp\/v2\/users\/1"}],"replies":[{"embeddable":true,"href":"https:\/\/fundem.org\/wp\/wp-json\/wp\/v2\/comments?post=219"}],"version-history":[{"count":4,"href":"https:\/\/fundem.org\/wp\/wp-json\/wp\/v2\/pages\/219\/revisions"}],"predecessor-version":[{"id":3196,"href":"https:\/\/fundem.org\/wp\/wp-json\/wp\/v2\/pages\/219\/revisions\/3196"}],"wp:attachment":[{"href":"https:\/\/fundem.org\/wp\/wp-json\/wp\/v2\/media?parent=219"}],"curies":[{"name":"wp","href":"https:\/\/api.w.org\/{rel}","templated":true}]}}