{"id":4348,"date":"2022-09-21T13:00:11","date_gmt":"2022-09-21T11:00:11","guid":{"rendered":"https:\/\/fundem.org\/wp\/?page_id=4348"},"modified":"2022-09-22T12:29:19","modified_gmt":"2022-09-22T10:29:19","slug":"torrenueva","status":"publish","type":"page","link":"https:\/\/fundem.org\/wp\/torrenueva\/","title":{"rendered":"Torrenueva (Ciudad Real)"},"content":{"rendered":"\n<div class=\"wp-block-group\"><div class=\"wp-block-group__inner-container is-layout-flow wp-block-group-is-layout-flow\">\n<p class=\"is-style-cnvs-paragraph-callout has-black-color has-text-color\">En septiembre de 2022 FUNDEM adquiere un terreno de m\u00e1s de 10 hect\u00e1reas ubicado en la localidad ciudadreale\u00f1a de Torrenueva, en el paraje conocido como \ud835\uddd6\ud835\uddd8\ud835\udde5\ud835\udde5\ud835\udde2 \ud835\uddd7\ud835\uddd8 \ud835\udde3\ud835\uddd8\ud835\udde5\ud835\udddc\ud835\udde4\ud835\udde8\ud835\udddc\ud835\udde7\ud835\udde2 o\u00a0 \ud835\uddd5\ud835\uddd4\ud835\udde5\ud835\udde5\ud835\uddd4\ud835\udde1\ud835\uddd6\ud835\udde2 \ud835\uddd7\ud835\uddd8 \ud835\udde9\ud835\udddc\ud835\udddf\ud835\udddf\ud835\uddd4\ud835\udddf\ud835\uddd5\ud835\uddd4. Es parte de la referencia catastral n\u00famero 13085A030001770000BK Parcela 177 &#8211; Pol\u00edgono 30.<\/p>\n\n\n\n<p class=\"is-style-cnvs-paragraph-callout has-black-color has-text-color\">El terreno, de monte mediterr\u00e1neo, es valioso especialmente por su ubicaci\u00f3n: en lo alto de un cerro con excelentes vistas, en un paisaje de mosaico agr\u00edcola y forestal que es \u00e1rea de colonizaci\u00f3n del lince y tiene pr\u00f3ximos dos nidos de \u00e1guilas imperiales.<\/p>\n\n\n\n<p class=\"is-style-cnvs-paragraph-callout\"><\/p>\n\n\n\n\t\t<!-- MasterSlider -->\n\t\t<div id=\"P_MS69f26445942ff\" class=\"master-slider-parent ms-parent-id-22\"  >\n\n\t\t\t\n\t\t\t<!-- MasterSlider Main -->\n\t\t\t<div id=\"MS69f26445942ff\" class=\"master-slider ms-skin-default\" >\n\t\t\t\t \t\t\t\t \n\n\t\t\t<div  class=\"ms-slide\" data-delay=\"3\" data-fill-mode=\"fill\"   >\n\t\t\t\t\t<img decoding=\"async\" src=\"https:\/\/fundem.org\/wp\/wp-content\/plugins\/masterslider\/public\/assets\/css\/blank.gif\" alt=\"\" title=\"P1070412-baja\" data-src=\"https:\/\/fundem.org\/wp\/wp-content\/uploads\/2022\/09\/P1070412-baja.jpg\" \/>\n\n\n\t\t\t\t<\/div>\n\t\t\t<div  class=\"ms-slide\" data-delay=\"3\" data-fill-mode=\"fill\"   >\n\t\t\t\t\t<img decoding=\"async\" src=\"https:\/\/fundem.org\/wp\/wp-content\/plugins\/masterslider\/public\/assets\/css\/blank.gif\" alt=\"\" title=\"aguilucho cenizo (1) MEDIA\" data-src=\"https:\/\/fundem.org\/wp\/wp-content\/uploads\/2022\/09\/aguilucho-cenizo-1-MEDIA.jpg\" \/>\n\n\n\t\t\t\t<\/div>\n\t\t\t<div  class=\"ms-slide\" data-delay=\"3\" data-fill-mode=\"fill\"   >\n\t\t\t\t\t<img decoding=\"async\" src=\"https:\/\/fundem.org\/wp\/wp-content\/plugins\/masterslider\/public\/assets\/css\/blank.gif\" alt=\"\" title=\"aguila imperial posada MEDIA\" data-src=\"https:\/\/fundem.org\/wp\/wp-content\/uploads\/2022\/09\/aguila-imperial-posada-MEDIA.jpg\" \/>\n\n\n\t\t\t\t<\/div>\n\t\t\t<div  class=\"ms-slide\" data-delay=\"3\" data-fill-mode=\"fill\"   >\n\t\t\t\t\t<img decoding=\"async\" src=\"https:\/\/fundem.org\/wp\/wp-content\/plugins\/masterslider\/public\/assets\/css\/blank.gif\" alt=\"\" title=\"P1070419MEDIA\" data-src=\"https:\/\/fundem.org\/wp\/wp-content\/uploads\/2022\/09\/P1070419MEDIA.jpg\" \/>\n\n\n\t\t\t\t<\/div>\n\t\t\t<div  class=\"ms-slide\" data-delay=\"3\" data-fill-mode=\"fill\"   >\n\t\t\t\t\t<img decoding=\"async\" src=\"https:\/\/fundem.org\/wp\/wp-content\/plugins\/masterslider\/public\/assets\/css\/blank.gif\" alt=\"\" title=\"avutarda MEDIA\" data-src=\"https:\/\/fundem.org\/wp\/wp-content\/uploads\/2022\/09\/avutarda-MEDIA.jpg\" \/>\n\n\n\t\t\t\t<\/div>\n\t\t\t<div  class=\"ms-slide\" data-delay=\"3\" data-fill-mode=\"fill\"   >\n\t\t\t\t\t<img decoding=\"async\" src=\"https:\/\/fundem.org\/wp\/wp-content\/plugins\/masterslider\/public\/assets\/css\/blank.gif\" alt=\"\" title=\"P1070436-MEDIA\" data-src=\"https:\/\/fundem.org\/wp\/wp-content\/uploads\/2022\/09\/P1070436-MEDIA.jpg\" \/>\n\n\n\t\t\t\t<\/div>\n\t\t\t<div  class=\"ms-slide\" data-delay=\"3\" data-fill-mode=\"fill\"   >\n\t\t\t\t\t<img decoding=\"async\" src=\"https:\/\/fundem.org\/wp\/wp-content\/plugins\/masterslider\/public\/assets\/css\/blank.gif\" alt=\"\" title=\"ganga ib\u00e9roca MEDIA\" data-src=\"https:\/\/fundem.org\/wp\/wp-content\/uploads\/2022\/09\/ganga-iberoca-MEDIA.jpg\" \/>\n\n\n\t\t\t\t<\/div>\n\t\t\t<div  class=\"ms-slide\" data-delay=\"3\" data-fill-mode=\"fill\"   >\n\t\t\t\t\t<img decoding=\"async\" src=\"https:\/\/fundem.org\/wp\/wp-content\/plugins\/masterslider\/public\/assets\/css\/blank.gif\" alt=\"\" title=\"calandriaMEDIA\" data-src=\"https:\/\/fundem.org\/wp\/wp-content\/uploads\/2022\/09\/calandriaMEDIA.jpg\" \/>\n\n\n\t\t\t\t<\/div>\n\t\t\t<div  class=\"ms-slide\" data-delay=\"3\" data-fill-mode=\"fill\"   >\n\t\t\t\t\t<img decoding=\"async\" src=\"https:\/\/fundem.org\/wp\/wp-content\/plugins\/masterslider\/public\/assets\/css\/blank.gif\" alt=\"\" title=\"lince 2. MEDIAjpg\" data-src=\"https:\/\/fundem.org\/wp\/wp-content\/uploads\/2022\/09\/lince-2.-MEDIAjpg.jpg\" \/>\n\n\n\t\t\t\t<\/div>\n\t\t\t<div  class=\"ms-slide\" data-delay=\"3\" data-fill-mode=\"fill\"   >\n\t\t\t\t\t<img decoding=\"async\" src=\"https:\/\/fundem.org\/wp\/wp-content\/plugins\/masterslider\/public\/assets\/css\/blank.gif\" alt=\"\" title=\"P1070398 MEDIA\" data-src=\"https:\/\/fundem.org\/wp\/wp-content\/uploads\/2022\/09\/P1070398-MEDIA.jpg\" \/>\n\n\n\t\t\t\t<\/div>\n\n\t\t\t<\/div>\n\t\t\t<!-- END MasterSlider Main -->\n\n\t\t\t \n\t\t<\/div>\n\t\t<!-- END MasterSlider -->\n\n\t\t<script>\n\t\t( window.MSReady = window.MSReady || [] ).push( function( $ ) {\n\n\t\t\t\"use strict\";\n\t\t\tvar masterslider_42ff = new MasterSlider();\n\n\t\t\t\/\/ slider controls\n\t\t\tmasterslider_42ff.control('arrows'     ,{ autohide:true, overVideo:true  });\n\t\t\tmasterslider_42ff.control('bullets'    ,{ autohide:false, overVideo:true, dir:'h', align:'bottom', space:6 , margin:25  });\n\t\t\t\/\/ slider setup\n\t\t\tmasterslider_42ff.setup(\"MS69f26445942ff\", {\n\t\t\t\twidth           : 1140,\n\t\t\t\theight          : 500,\n\t\t\t\tminHeight       : 0,\n\t\t\t\tspace           : 0,\n\t\t\t\tstart           : 1,\n\t\t\t\tgrabCursor      : false,\n\t\t\t\tswipe           : true,\n\t\t\t\tmouse           : false,\n\t\t\t\tkeyboard        : true,\n\t\t\t\tlayout          : \"fillwidth\",\n\t\t\t\twheel           : false,\n\t\t\t\tautoplay        : true,\n                instantStartLayers:false,\n\t\t\t\tmobileBGVideo:false,\n\t\t\t\tloop            : true,\n\t\t\t\tshuffle         : false,\n\t\t\t\tpreload         : 0,\n\t\t\t\theightLimit     : true,\n\t\t\t\tautoHeight      : false,\n\t\t\t\tsmoothHeight    : true,\n\t\t\t\tendPause        : false,\n\t\t\t\toverPause       : true,\n\t\t\t\tfillMode        : \"fill\",\n\t\t\t\tcenterControls  : true,\n\t\t\t\tstartOnAppear   : false,\n\t\t\t\tlayersMode      : \"center\",\n\t\t\t\tautofillTarget  : \"\",\n\t\t\t\thideLayers      : false,\n\t\t\t\tfullscreenMargin: 0,\n\t\t\t\tspeed           : 20,\n\t\t\t\tdir             : \"h\",\n\t\t\t\tparallaxMode    : 'swipe',\n\t\t\t\tview            : \"basic\"\n\t\t\t});\n\n\t\t\t\n\t\t\twindow.masterslider_instances = window.masterslider_instances || [];\n\t\t\twindow.masterslider_instances.push( masterslider_42ff );\n\t\t});\n\t\t<\/script>\n\n\n\n\n\n<p class=\"is-style-cnvs-paragraph-callout\"><\/p>\n\n\n\n<p class=\"is-style-cnvs-paragraph-callout has-black-color has-text-color\">La Fundaci\u00f3n Internacional para la Restauraci\u00f3n de Ecosistemas FIRE se hace cargo de la custodia de este nuevo terreno FUNDEM. La gesti\u00f3n de FIRE tiene como objetivo la mejora del h\u00e1bitat, la conservaci\u00f3n de la biodiversidad y monitoreo cient\u00edfico (avifauna, carn\u00edvoros, murci\u00e9lagos y mariposas, principalmente, as\u00ed como la vegetaci\u00f3n). Se completa con una faceta de educaci\u00f3n ambiental (visitas guiadas con escolares y actividades de voluntariado), capacitaci\u00f3n (con visitas de estudiantes, impartici\u00f3n de pr\u00e1cticas, realizaci\u00f3n de TFG y TFM) y ecoturismo, basado en la observaci\u00f3n de la avifauna y las \u00e1guilas imperiales, en particular.<\/p>\n\n\n\n<p class=\"is-style-cnvs-paragraph-callout has-black-color has-text-color\">Para ello, FIRE tiene previsto realizar una serie de mejoras del h\u00e1bitat, incluyendo el enriquecimiento bot\u00e1nico, la poda de las carrascas m\u00e1s grandes para aumentar la heterogeneidad de la vegetaci\u00f3n, el establecimiento de dos puntos de agua (charcas peque\u00f1as) y la instalaci\u00f3n de cajas-nido para aves y refugios destinados a murci\u00e9lagos.<\/p>\n\n\n\n<p class=\"is-style-cnvs-paragraph-callout has-black-color has-text-color\">El terreno ha sido adquirido por un importe de 15.000\u20ac m\u00e1s gastos de notar\u00eda.<\/p>\n<\/div><\/div>\n","protected":false},"excerpt":{"rendered":"<p>En septiembre de 2022 FUNDEM adquiere un terreno de m\u00e1s de 10 hect\u00e1reas ubicado en la localidad ciudadreale\u00f1a de Torrenueva, en el paraje conocido como \ud835\uddd6\ud835\uddd8\ud835\udde5\ud835\udde5\ud835\udde2 \ud835\uddd7\ud835\uddd8 \ud835\udde3\ud835\uddd8\ud835\udde5\ud835\udddc\ud835\udde4\ud835\udde8\ud835\udddc\ud835\udde7\ud835\udde2 o\u00a0 \ud835\uddd5\ud835\uddd4\ud835\udde5\ud835\udde5\ud835\uddd4\ud835\udde1\ud835\uddd6\ud835\udde2&#8230; <\/p>\n<div class=\"clear\"><\/div>\n<p><a href=\"https:\/\/fundem.org\/wp\/torrenueva\/\" class=\"excerpt-read-more\">Read More<\/a><\/p>\n","protected":false},"author":3,"featured_media":0,"parent":0,"menu_order":0,"comment_status":"closed","ping_status":"closed","template":"","meta":{"footnotes":""},"_links":{"self":[{"href":"https:\/\/fundem.org\/wp\/wp-json\/wp\/v2\/pages\/4348"}],"collection":[{"href":"https:\/\/fundem.org\/wp\/wp-json\/wp\/v2\/pages"}],"about":[{"href":"https:\/\/fundem.org\/wp\/wp-json\/wp\/v2\/types\/page"}],"author":[{"embeddable":true,"href":"https:\/\/fundem.org\/wp\/wp-json\/wp\/v2\/users\/3"}],"replies":[{"embeddable":true,"href":"https:\/\/fundem.org\/wp\/wp-json\/wp\/v2\/comments?post=4348"}],"version-history":[{"count":6,"href":"https:\/\/fundem.org\/wp\/wp-json\/wp\/v2\/pages\/4348\/revisions"}],"predecessor-version":[{"id":4375,"href":"https:\/\/fundem.org\/wp\/wp-json\/wp\/v2\/pages\/4348\/revisions\/4375"}],"wp:attachment":[{"href":"https:\/\/fundem.org\/wp\/wp-json\/wp\/v2\/media?parent=4348"}],"curies":[{"name":"wp","href":"https:\/\/api.w.org\/{rel}","templated":true}]}}