{"id":721,"date":"2020-04-10T11:23:46","date_gmt":"2020-04-10T09:23:46","guid":{"rendered":"http:\/\/fundem.org\/wp\/?page_id=721"},"modified":"2025-04-15T13:37:30","modified_gmt":"2025-04-15T11:37:30","slug":"home-es","status":"publish","type":"page","link":"https:\/\/fundem.org\/wp\/","title":{"rendered":"Home-es"},"content":{"rendered":"\n<div class=\"wp-block-media-text alignwide is-stacked-on-mobile\"><figure class=\"wp-block-media-text__media\"><a href=\"https:\/\/fundem.org\/wp\/eventos\/\"><img loading=\"lazy\" decoding=\"async\" width=\"547\" height=\"380\" src=\"https:\/\/fundem.org\/wp\/wp-content\/uploads\/2020\/04\/eventos1.jpg\" alt=\"\" class=\"wp-image-741 size-full\" srcset=\"https:\/\/fundem.org\/wp\/wp-content\/uploads\/2020\/04\/eventos1.jpg 547w, https:\/\/fundem.org\/wp\/wp-content\/uploads\/2020\/04\/eventos1-300x208.jpg 300w\" sizes=\"(max-width: 547px) 100vw, 547px\" \/><\/a><\/figure><div class=\"wp-block-media-text__content\">\n<h2 class=\"wp-block-heading\"><a href=\"https:\/\/fundem.org\/wp\/hazte-socio\/\">Hazte socio de Fundem<\/a><\/h2>\n\n\n\n<p>Si quieres colaborar con Fundem no dudes en ponerte en contacto con nosotros a trav\u00e9s del mail&nbsp;<a href=\"mailto:fundem@fundem.org\">fundem@fundem.org<\/a>&nbsp;o del tel\u00e9fono 96 352 30 99 o del WhatsApp 696 975 290<\/p>\n\n\n\n<p class=\"is-style-cnvs-paragraph-callout\"><strong>Si quieres hacerte socio rellena el formulario <br>&nbsp; &nbsp; &nbsp; &nbsp; &nbsp; &nbsp; &nbsp;<span class=\"has-inline-color has-vivid-purple-color\"><a href=\"https:\/\/www.jardinalbarda.com\/hazte-socio-de-fundem\/\">Espa\u00f1ol<\/a><br>&nbsp; &nbsp; &nbsp; &nbsp; &nbsp; &nbsp; &nbsp;<a href=\"https:\/\/www.jardinalbarda.com\/become-a-membership\/?lang=en\">English<\/a><\/span><\/strong><\/p>\n<\/div><\/div>\n\n\n\n<div class=\"wp-block-media-text alignwide has-media-on-the-right is-stacked-on-mobile\"><div class=\"wp-block-media-text__content\">\n<h2 class=\"wp-block-heading\"><a href=\"https:\/\/fundem.org\/wp\/presentacion\/\">La Fundaci\u00f3n<\/a><\/h2>\n\n\n\n<p>La Fundaci\u00f3n Enrique Montoliu -FUNDEM- es una entidad privada sin \u00e1nimo de lucro dedicada a la conservaci\u00f3n de la fauna y flora mediterr\u00e1nea creada en 1996.<\/p>\n<\/div><figure class=\"wp-block-media-text__media\"><a href=\"https:\/\/www.jardinalbarda.com\/visitar-el-jardin-de-lalbarda\/\"><img loading=\"lazy\" decoding=\"async\" width=\"546\" height=\"380\" src=\"https:\/\/fundem.org\/wp\/wp-content\/uploads\/2020\/04\/visitar.jpg\" alt=\"\" class=\"wp-image-738 size-full\" srcset=\"https:\/\/fundem.org\/wp\/wp-content\/uploads\/2020\/04\/visitar.jpg 546w, https:\/\/fundem.org\/wp\/wp-content\/uploads\/2020\/04\/visitar-300x209.jpg 300w\" sizes=\"(max-width: 546px) 100vw, 546px\" \/><\/a><\/figure><\/div>\n\n\n\n<div class=\"wp-block-media-text alignwide is-stacked-on-mobile\"><figure class=\"wp-block-media-text__media\"><a href=\"https:\/\/fundem.org\/wp\/jardineria-mediterranea-ecologica\/\"><img loading=\"lazy\" decoding=\"async\" width=\"546\" height=\"380\" src=\"https:\/\/fundem.org\/wp\/wp-content\/uploads\/2020\/04\/jardineria.jpg\" alt=\"\" class=\"wp-image-735 size-full\" srcset=\"https:\/\/fundem.org\/wp\/wp-content\/uploads\/2020\/04\/jardineria.jpg 546w, https:\/\/fundem.org\/wp\/wp-content\/uploads\/2020\/04\/jardineria-300x209.jpg 300w\" sizes=\"(max-width: 546px) 100vw, 546px\" \/><\/a><\/figure><div class=\"wp-block-media-text__content\">\n<h2 class=\"wp-block-heading\"><a href=\"https:\/\/fundem.org\/wp\/el-jardin-mediterraneo-descripcion\/\">Jardiner\u00eda Mediterr\u00e1nea<\/a><\/h2>\n\n\n\n<p><strong>Difusi\u00f3n y fomento del uso de especies aut\u00f3ctonas en jardiner\u00eda<\/strong>, de inter\u00e9s especial desde el punto de vista ecol\u00f3gico y de la conservaci\u00f3n de la naturaleza.<br>En lo que respecta a la l\u00ednea de difusi\u00f3n y fomento del uso de especies aut\u00f3ctonas en jardiner\u00eda, Fundem posee un jard\u00edn demostrativo de 50.000 m2&nbsp;en el t\u00e9rmino municipal de Pedreguer, Alicante:&nbsp;<a href=\"https:\/\/www.jardinalbarda.com\/\"><strong>el jard\u00edn mediterr\u00e1neo de l\u2019Albarda<\/strong><\/a>. Un jard\u00edn de especies aut\u00f3ctonas que muestra la gran diversidad de nuestra flora, que destaca por su belleza en cada una de las estaciones, y que est\u00e1 gestionado con los m\u00e1s estrictos criterios de sostenibilidad. Un ejemplo a seguir en la implantaci\u00f3n o restauraci\u00f3n de los jardines, sean p\u00fablicos o privados, si queremos preservar la gran biodiversidad de nuestra comunidad, as\u00ed como contribuir a frenar el cambio clim\u00e1tico a nivel global.<\/p>\n<\/div><\/div>\n\n\n\n<div class=\"wp-block-media-text alignwide has-media-on-the-right is-stacked-on-mobile\"><div class=\"wp-block-media-text__content\">\n<h2 class=\"wp-block-heading\"><a href=\"https:\/\/fundem.org\/wp\/terrenos-adquiridos\/\">Gesti\u00f3n responsable del territorio<\/a><\/h2>\n\n\n\n<p><strong>Compra y custodia<\/strong>&nbsp;de terrenos de alto inter\u00e9s ecol\u00f3gico para su conservaci\u00f3n integral.<br>Con las donaciones de los socios-colaboradores establecidas en cuotas anuales, Fundem ha adquirido terrenos que no est\u00e1n protegidos y que, sin embargo, tienen un alto valor natural y paisaj\u00edstico.<\/p>\n<\/div><figure class=\"wp-block-media-text__media\"><a href=\"https:\/\/fundem.org\/wp\/terrenos-adquiridos\/\"><img loading=\"lazy\" decoding=\"async\" width=\"547\" height=\"380\" src=\"https:\/\/fundem.org\/wp\/wp-content\/uploads\/2020\/04\/compra.jpg\" alt=\"\" class=\"wp-image-732 size-full\" srcset=\"https:\/\/fundem.org\/wp\/wp-content\/uploads\/2020\/04\/compra.jpg 547w, https:\/\/fundem.org\/wp\/wp-content\/uploads\/2020\/04\/compra-300x208.jpg 300w\" sizes=\"(max-width: 547px) 100vw, 547px\" \/><\/a><\/figure><\/div>\n\n\n\n<div class=\"wp-block-group is-layout-flow wp-block-group-is-layout-flow\"><div class=\"wp-block-group__inner-container\">\n<div class=\"wp-block-group is-layout-flow wp-block-group-is-layout-flow\"><div class=\"wp-block-group__inner-container\">\n<pre class=\"wp-block-preformatted\"><\/pre>\n\n\n\n<h1 class=\"text-center\" style=\"font-size: 1.8em;\"><strong>El escarabajo verde &#8211; Custodia verde<\/strong><br><\/h1>\n                    <p style=\"padding: 30px;\">En Espa\u00f1a la gesti\u00f3n de la conservaci\u00f3n es b\u00e1sicamente p\u00fablica pero cada vez surgen m\u00e1s entidades privadas que custodian la conservaci\u00f3n del territorio. La Fundaci\u00f3n \u00abFundem\u00bb compra territorios en distintos h\u00e1bitats y los entrega en custodia de territorio a agrupaciones ecologistas y colaboradoras.<br><\/p>\n                    <div class=\"embed-responsive embed-responsive-16by9 d-inline-block\"><iframe class=\"embed-responsive-item\" src=\"https:\/\/secure-embed.rtve.es\/drmn\/embed\/video\/5470669\" style=\"width:100%; height:650px;\"><\/iframe><\/div>\n<\/div><\/div>\n<\/div><\/div>\n\n\n\n<p class=\"is-style-cnvs-paragraph-callout\"><\/p>\n\n\n\n<h2 class=\"wp-block-heading has-text-align-center\">SOCIOS PATROCINADORES<\/h2>\n\n\n\n<figure class=\"wp-block-gallery aligncenter has-nested-images columns-4 is-cropped wp-block-gallery-1 is-layout-flex wp-block-gallery-is-layout-flex\">\n<figure class=\"wp-block-image size-large\"><a href=\"https:\/\/www.jessicabataille.com\/\" target=\"_blank\" rel=\"noreferrer noopener\"><img loading=\"lazy\" decoding=\"async\" width=\"322\" height=\"297\" data-id=\"4892\" src=\"https:\/\/fundem.org\/wp\/wp-content\/uploads\/2024\/08\/jessica.jpg\" alt=\"\" class=\"wp-image-4892\" srcset=\"https:\/\/fundem.org\/wp\/wp-content\/uploads\/2024\/08\/jessica.jpg 322w, https:\/\/fundem.org\/wp\/wp-content\/uploads\/2024\/08\/jessica-300x277.jpg 300w\" sizes=\"(max-width: 322px) 100vw, 322px\" \/><\/a><\/figure>\n\n\n\n<figure class=\"wp-block-image size-large\"><a href=\"https:\/\/www.facebook.com\/rosalesferrer\/?locale=es_ES\" target=\"_blank\" rel=\"noreferrer noopener\"><img loading=\"lazy\" decoding=\"async\" width=\"322\" height=\"297\" data-id=\"4917\" src=\"https:\/\/fundem.org\/wp\/wp-content\/uploads\/2024\/08\/rosales.jpg\" alt=\"\" class=\"wp-image-4917\" srcset=\"https:\/\/fundem.org\/wp\/wp-content\/uploads\/2024\/08\/rosales.jpg 322w, https:\/\/fundem.org\/wp\/wp-content\/uploads\/2024\/08\/rosales-300x277.jpg 300w\" sizes=\"(max-width: 322px) 100vw, 322px\" \/><\/a><\/figure>\n\n\n\n<figure class=\"wp-block-image size-large\"><a href=\"https:\/\/jardinsostenible.eu\/\" target=\"_blank\" rel=\"noreferrer noopener\"><img loading=\"lazy\" decoding=\"async\" width=\"322\" height=\"297\" data-id=\"4901\" src=\"https:\/\/fundem.org\/wp\/wp-content\/uploads\/2024\/08\/jardin.jpg\" alt=\"\" class=\"wp-image-4901\" srcset=\"https:\/\/fundem.org\/wp\/wp-content\/uploads\/2024\/08\/jardin.jpg 322w, https:\/\/fundem.org\/wp\/wp-content\/uploads\/2024\/08\/jardin-300x277.jpg 300w\" sizes=\"(max-width: 322px) 100vw, 322px\" \/><\/a><\/figure>\n\n\n\n<figure class=\"wp-block-image size-large\"><a href=\"https:\/\/nomadhotelcollection.com\/\" target=\"_blank\" rel=\"noreferrer noopener\"><img loading=\"lazy\" decoding=\"async\" width=\"322\" height=\"297\" data-id=\"4909\" src=\"https:\/\/fundem.org\/wp\/wp-content\/uploads\/2024\/08\/nomad.jpg\" alt=\"\" class=\"wp-image-4909\" srcset=\"https:\/\/fundem.org\/wp\/wp-content\/uploads\/2024\/08\/nomad.jpg 322w, https:\/\/fundem.org\/wp\/wp-content\/uploads\/2024\/08\/nomad-300x277.jpg 300w\" sizes=\"(max-width: 322px) 100vw, 322px\" \/><\/a><\/figure>\n\n\n\n<figure class=\"wp-block-image size-large\"><a href=\"https:\/\/www.pepecabrera.com\/\" target=\"_blank\" rel=\"noreferrer noopener\"><img loading=\"lazy\" decoding=\"async\" width=\"644\" height=\"595\" data-id=\"4911\" src=\"https:\/\/fundem.org\/wp\/wp-content\/uploads\/2024\/08\/pepe.jpg\" alt=\"\" class=\"wp-image-4911\" srcset=\"https:\/\/fundem.org\/wp\/wp-content\/uploads\/2024\/08\/pepe.jpg 644w, https:\/\/fundem.org\/wp\/wp-content\/uploads\/2024\/08\/pepe-300x277.jpg 300w\" sizes=\"(max-width: 644px) 100vw, 644px\" \/><\/a><\/figure>\n\n\n\n<figure class=\"wp-block-image size-large\"><a href=\"https:\/\/costablanca-dmc.com\/es\/\" target=\"_blank\" rel=\"noreferrer noopener\"><img loading=\"lazy\" decoding=\"async\" width=\"644\" height=\"595\" data-id=\"4897\" src=\"https:\/\/fundem.org\/wp\/wp-content\/uploads\/2024\/08\/costa-blanca.jpg\" alt=\"\" class=\"wp-image-4897\" srcset=\"https:\/\/fundem.org\/wp\/wp-content\/uploads\/2024\/08\/costa-blanca.jpg 644w, https:\/\/fundem.org\/wp\/wp-content\/uploads\/2024\/08\/costa-blanca-300x277.jpg 300w\" sizes=\"(max-width: 644px) 100vw, 644px\" \/><\/a><\/figure>\n\n\n\n<figure class=\"wp-block-image size-large\"><a href=\"https:\/\/www.moraira-ibiza.com\/\" target=\"_blank\" rel=\"noreferrer noopener\"><img loading=\"lazy\" decoding=\"async\" width=\"322\" height=\"297\" data-id=\"4907\" src=\"https:\/\/fundem.org\/wp\/wp-content\/uploads\/2024\/08\/moraira.jpg\" alt=\"\" class=\"wp-image-4907\" srcset=\"https:\/\/fundem.org\/wp\/wp-content\/uploads\/2024\/08\/moraira.jpg 322w, https:\/\/fundem.org\/wp\/wp-content\/uploads\/2024\/08\/moraira-300x277.jpg 300w\" sizes=\"(max-width: 322px) 100vw, 322px\" \/><\/a><\/figure>\n\n\n\n<figure class=\"wp-block-image size-large\"><a href=\"https:\/\/www.rolser.com\/\" target=\"_blank\" rel=\"noreferrer noopener\"><img loading=\"lazy\" decoding=\"async\" width=\"322\" height=\"297\" data-id=\"4915\" src=\"https:\/\/fundem.org\/wp\/wp-content\/uploads\/2024\/08\/rolser.jpg\" alt=\"\" class=\"wp-image-4915\" srcset=\"https:\/\/fundem.org\/wp\/wp-content\/uploads\/2024\/08\/rolser.jpg 322w, https:\/\/fundem.org\/wp\/wp-content\/uploads\/2024\/08\/rolser-300x277.jpg 300w\" sizes=\"(max-width: 322px) 100vw, 322px\" \/><\/a><\/figure>\n\n\n\n<figure class=\"wp-block-image size-large\"><a href=\"https:\/\/www.masymas.com\/es\" target=\"_blank\" rel=\"noreferrer noopener\"><img loading=\"lazy\" decoding=\"async\" width=\"322\" height=\"297\" data-id=\"4905\" src=\"https:\/\/fundem.org\/wp\/wp-content\/uploads\/2024\/08\/mas.jpg\" alt=\"\" class=\"wp-image-4905\" srcset=\"https:\/\/fundem.org\/wp\/wp-content\/uploads\/2024\/08\/mas.jpg 322w, https:\/\/fundem.org\/wp\/wp-content\/uploads\/2024\/08\/mas-300x277.jpg 300w\" sizes=\"(max-width: 322px) 100vw, 322px\" \/><\/a><\/figure>\n\n\n\n<figure class=\"wp-block-image size-large\"><a href=\"https:\/\/www.llibreriapublics.com\/es\/\" target=\"_blank\" rel=\"noreferrer noopener\"><img loading=\"lazy\" decoding=\"async\" width=\"644\" height=\"595\" data-id=\"4913\" src=\"https:\/\/fundem.org\/wp\/wp-content\/uploads\/2024\/08\/publics.jpg\" alt=\"\" class=\"wp-image-4913\" srcset=\"https:\/\/fundem.org\/wp\/wp-content\/uploads\/2024\/08\/publics.jpg 644w, https:\/\/fundem.org\/wp\/wp-content\/uploads\/2024\/08\/publics-300x277.jpg 300w\" sizes=\"(max-width: 644px) 100vw, 644px\" \/><\/a><\/figure>\n\n\n\n<figure class=\"wp-block-image size-large\"><a href=\"https:\/\/grefusa.com\/\" target=\"_blank\" rel=\"noreferrer noopener\"><img loading=\"lazy\" decoding=\"async\" width=\"644\" height=\"595\" data-id=\"4899\" src=\"https:\/\/fundem.org\/wp\/wp-content\/uploads\/2024\/08\/grefusa.jpg\" alt=\"\" class=\"wp-image-4899\" srcset=\"https:\/\/fundem.org\/wp\/wp-content\/uploads\/2024\/08\/grefusa.jpg 644w, https:\/\/fundem.org\/wp\/wp-content\/uploads\/2024\/08\/grefusa-300x277.jpg 300w\" sizes=\"(max-width: 644px) 100vw, 644px\" \/><\/a><\/figure>\n\n\n\n<figure class=\"wp-block-image size-large\"><a href=\"https:\/\/www.asevicompany.com\/es\/\" target=\"_blank\" rel=\"noreferrer noopener\"><img loading=\"lazy\" decoding=\"async\" width=\"268\" height=\"248\" data-id=\"5033\" src=\"https:\/\/fundem.org\/wp\/wp-content\/uploads\/2025\/03\/ASEVI-WEB.jpg\" alt=\"\" class=\"wp-image-5033\"\/><\/a><\/figure>\n<\/figure>\n\n\n\n<p class=\"is-style-cnvs-paragraph-callout\"><\/p>\n\n\n\n<h2 class=\"wp-block-heading has-text-align-center\">ENTIDADES COLABORADORAS<\/h2>\n\n\n\n<div class=\"wp-block-columns is-layout-flex wp-container-core-columns-layout-1 wp-block-columns-is-layout-flex\">\n<div class=\"wp-block-column is-layout-flow wp-block-column-is-layout-flow\"><div class=\"wp-block-image\">\n<figure class=\"alignright size-medium\"><a href=\"https:\/\/theisbjorncollective.com\/\" target=\"_blank\" rel=\"noreferrer noopener\"><img loading=\"lazy\" decoding=\"async\" width=\"300\" height=\"276\" src=\"https:\/\/fundem.org\/wp\/wp-content\/uploads\/2025\/04\/isborn-1-300x276.jpg\" alt=\"\" class=\"wp-image-5056\" srcset=\"https:\/\/fundem.org\/wp\/wp-content\/uploads\/2025\/04\/isborn-1-300x276.jpg 300w, https:\/\/fundem.org\/wp\/wp-content\/uploads\/2025\/04\/isborn-1.jpg 440w\" sizes=\"(max-width: 300px) 100vw, 300px\" \/><\/a><\/figure><\/div><\/div>\n\n\n\n<div class=\"wp-block-column is-layout-flow wp-block-column-is-layout-flow\"><div class=\"wp-block-image\">\n<figure class=\"alignleft size-medium\"><a href=\"https:\/\/www.artsocma.org\/\" target=\"_blank\" rel=\"noreferrer noopener\"><img loading=\"lazy\" decoding=\"async\" width=\"300\" height=\"276\" src=\"https:\/\/fundem.org\/wp\/wp-content\/uploads\/2025\/04\/tasma-2-300x276.jpg\" alt=\"\" class=\"wp-image-5058\" srcset=\"https:\/\/fundem.org\/wp\/wp-content\/uploads\/2025\/04\/tasma-2-300x276.jpg 300w, https:\/\/fundem.org\/wp\/wp-content\/uploads\/2025\/04\/tasma-2.jpg 440w\" sizes=\"(max-width: 300px) 100vw, 300px\" \/><\/a><\/figure><\/div><\/div>\n<\/div>\n\n\n\n<div class=\"wp-block-columns is-layout-flex wp-container-core-columns-layout-2 wp-block-columns-is-layout-flex\"><\/div>\n","protected":false},"excerpt":{"rendered":"<p>Hazte socio de Fundem Si quieres colaborar con Fundem no dudes en ponerte en contacto con nosotros a trav\u00e9s del mail&nbsp;fundem@fundem.org&nbsp;o del tel\u00e9fono 96 352 30 99 o del WhatsApp&#8230; <\/p>\n<div class=\"clear\"><\/div>\n<p><a href=\"https:\/\/fundem.org\/wp\/\" class=\"excerpt-read-more\">Read More<\/a><\/p>\n","protected":false},"author":1,"featured_media":1461,"parent":0,"menu_order":0,"comment_status":"closed","ping_status":"closed","template":"","meta":{"footnotes":""},"_links":{"self":[{"href":"https:\/\/fundem.org\/wp\/wp-json\/wp\/v2\/pages\/721"}],"collection":[{"href":"https:\/\/fundem.org\/wp\/wp-json\/wp\/v2\/pages"}],"about":[{"href":"https:\/\/fundem.org\/wp\/wp-json\/wp\/v2\/types\/page"}],"author":[{"embeddable":true,"href":"https:\/\/fundem.org\/wp\/wp-json\/wp\/v2\/users\/1"}],"replies":[{"embeddable":true,"href":"https:\/\/fundem.org\/wp\/wp-json\/wp\/v2\/comments?post=721"}],"version-history":[{"count":10,"href":"https:\/\/fundem.org\/wp\/wp-json\/wp\/v2\/pages\/721\/revisions"}],"predecessor-version":[{"id":5068,"href":"https:\/\/fundem.org\/wp\/wp-json\/wp\/v2\/pages\/721\/revisions\/5068"}],"wp:featuredmedia":[{"embeddable":true,"href":"https:\/\/fundem.org\/wp\/wp-json\/wp\/v2\/media\/1461"}],"wp:attachment":[{"href":"https:\/\/fundem.org\/wp\/wp-json\/wp\/v2\/media?parent=721"}],"curies":[{"name":"wp","href":"https:\/\/api.w.org\/{rel}","templated":true}]}}